{"id":392,"date":"2026-01-29T13:43:59","date_gmt":"2026-01-29T13:43:59","guid":{"rendered":"http:\/\/thewellemresidences.com\/?page_id=392"},"modified":"2026-02-19T12:10:19","modified_gmt":"2026-02-19T12:10:19","slug":"impressum","status":"publish","type":"page","link":"https:\/\/thewellemresidences.com\/de\/impressum\/","title":{"rendered":"Impressum"},"content":{"rendered":"\t\t<div data-elementor-type=\"wp-page\" data-elementor-id=\"392\" class=\"elementor elementor-392\" data-elementor-post-type=\"page\">\n\t\t\t\t<div class=\"elementor-element elementor-element-0c2c396 e-flex e-con-boxed e-con e-parent\" data-id=\"0c2c396\" data-element_type=\"container\" data-e-type=\"container\" data-settings=\"{&quot;background_background&quot;:&quot;classic&quot;}\">\n\t\t\t\t\t<div class=\"e-con-inner\">\n\t\t\t\t<div class=\"elementor-element elementor-element-34f2c9f elementor-widget elementor-widget-heading\" data-id=\"34f2c9f\" data-element_type=\"widget\" data-e-type=\"widget\" data-widget_type=\"heading.default\">\n\t\t\t\t\t<span class=\"elementor-heading-title elementor-size-default\">Impressum<\/span>\t\t\t\t<\/div>\n\t\t\t\t\t<\/div>\n\t\t\t\t<\/div>\n\t\t<div class=\"elementor-element elementor-element-15fb337 e-con-full e-flex e-con e-parent\" data-id=\"15fb337\" data-element_type=\"container\" data-e-type=\"container\">\n\t\t\t\t<div class=\"elementor-element elementor-element-da11dfb elementor-widget elementor-widget-spacer\" data-id=\"da11dfb\" data-element_type=\"widget\" data-e-type=\"widget\" data-widget_type=\"spacer.default\">\n\t\t\t\t\t\t\t<div class=\"elementor-spacer\">\n\t\t\t<div class=\"elementor-spacer-inner\"><\/div>\n\t\t<\/div>\n\t\t\t\t\t\t<\/div>\n\t\t\t\t<div class=\"elementor-element elementor-element-29ed945 elementor-widget elementor-widget-heading\" data-id=\"29ed945\" data-element_type=\"widget\" data-e-type=\"widget\" data-widget_type=\"heading.default\">\n\t\t\t\t\t<h1 class=\"elementor-heading-title elementor-size-default\">Impressum<\/h1>\t\t\t\t<\/div>\n\t\t\t\t<div class=\"elementor-element elementor-element-b497542 elementor-widget elementor-widget-text-editor\" data-id=\"b497542\" data-element_type=\"widget\" data-e-type=\"widget\" data-widget_type=\"text-editor.default\">\n\t\t\t\t\t\t\t\t\t<div><p>FRANKONIA Hospitality GmbH<\/p><p class=\"adsimple-323064710\">M\u00fchlenstra\u00dfe 34,<br \/>40213 D\u00fcsseldorf,<br \/>Deutschland<\/p><p>Tel.:\u00a0+49 211 547650622<\/p><p>E-Mail: <a href=\"mailto:info@frankonia-eurobau.de\">info@frankonia-eurobau.de<\/a><\/p><p>Amtsgericht Krefeld<br \/>Registernummer:\u00a0HRB 11993<\/p><p>USt-IdNr.:\u00a0DE 261572862<\/p><p>Gesch\u00e4ftsf\u00fchrer: Dipl.-Ing. Uwe Schmitz<\/p><\/div>\t\t\t\t\t\t\t\t<\/div>\n\t\t\t\t<div class=\"elementor-element elementor-element-c78af96 elementor-widget elementor-widget-spacer\" data-id=\"c78af96\" data-element_type=\"widget\" data-e-type=\"widget\" data-widget_type=\"spacer.default\">\n\t\t\t\t\t\t\t<div class=\"elementor-spacer\">\n\t\t\t<div class=\"elementor-spacer-inner\"><\/div>\n\t\t<\/div>\n\t\t\t\t\t\t<\/div>\n\t\t\t\t<div class=\"elementor-element elementor-element-571e1ce elementor-widget elementor-widget-text-editor\" data-id=\"571e1ce\" data-element_type=\"widget\" data-e-type=\"widget\" data-widget_type=\"text-editor.default\">\n\t\t\t\t\t\t\t\t\t<p>Rechtliche Hinweise<br \/><br \/>1. Inhalt des Onlineangebotes<br \/>FRANKONIA Hospitality GmbH \u00fcbernimmt keinerlei Gew\u00e4hr f\u00fcr die Aktualit\u00e4t, Korrektheit, Vollst\u00e4ndigkeit oder Qualit\u00e4t der bereitgestellten Informationen. Haftungsanspr\u00fcche gegen FRANKONIA Hospitality GmbH, welche sich auf Sch\u00e4den materieller oder immaterieller Art beziehen, die durch die Nutzung oder Nichtnutzung der dargebotenen Informationen bzw. durch die Nutzung fehlerhafter und unvollst\u00e4ndiger Informationen verursacht wurden, sind grunds\u00e4tzlich ausgeschlossen, sofern seitens FRANKONIA Hospitality GmbH kein vors\u00e4tzliches oder grob fahrl\u00e4ssiges Verschulden vorliegt.<\/p><p>Alle Angebote sind freibleibend und unverbindlich. FRANKONIA Hospitality GmbH beh\u00e4lt es sich ausdr\u00fccklich vor, Teile der Seiten oder das gesamte Angebot ohne gesonderte Ank\u00fcndigung zu ver\u00e4ndern, zu erg\u00e4nzen, zu l\u00f6schen oder die Ver\u00f6ffentlichung zeitweise oder endg\u00fcltig einzustellen.<\/p><p>Die Informationen und Daten dieses Onlineangebotes dienen dem Nutzer ausschlie\u00dflich zu Informationszwecken und zum pers\u00f6nlichen Gebrauch.<br \/><br \/>2. Verweise und Links<br \/>Bei direkten oder indirekten Verweisen auf fremde Internetseiten (&#8222;Links&#8220;), die au\u00dferhalb des Verantwortungsbereichs von FRANKONIA Hospitality GmbH liegen, ist jede Haftungsverpflichtung von FRANKONIA Hospitality GmbH ausgeschlossen.<\/p><p>FRANKONIA Hospitality GmbH erkl\u00e4rt ausdr\u00fccklich, dass ihr keine Informationen \u00fcber rechtswidrige Inhalte auf den in vorstehender Ziffer 1 genannten Seiten vorliegen. FRANKONIA Hospitality GmbH hat keinerlei Einfluss auf deren aktuelle und zuk\u00fcnftige Gestaltung und auf deren Inhalte. Sie \u00fcberpr\u00fcft auch nicht die Inhalte der Seiten, die nach der Linksetzung ver\u00e4ndert wurden. Dies gilt f\u00fcr alle innerhalb der Website gesetzten Verweise und Links auf Dritte sowie f\u00fcr Fremdeintr\u00e4ge in G\u00e4steb\u00fcchern, Diskussionsforen oder Mailing-Listen. F\u00fcr fehlerhafte, rechtswidrige oder unvollst\u00e4ndige Inhalte und insbesondere f\u00fcr Sch\u00e4den, die aus der Nutzung solcher Informationen entstehen, haftet alleine der Anbieter der Website, auf welche verwiesen wurde.<br \/><br \/>3. Urheber- und Kennzeichenrecht<br \/>FRANKONIA Hospitality GmbH weist ausdr\u00fccklich darauf hin, dass die auf der Website ver\u00f6ffentlichten Grafiken, Animationen, Fotos und Texte urheberrechtlich oder in anderer Form des gewerblichen Rechtsschutzes &#8211; Marken, Geschmacksmuster etc. &#8211; gesch\u00fctzt sind. Die zugrundeliegenden Rechte liegen allein bei FRANKONIA Hospitality GmbH oder bei Dritten, die FRANKONIA Hospitality GmbH das Recht zur Ver\u00f6ffentlichung auf der Website einger\u00e4umt haben. Eine Vervielf\u00e4ltigung oder Verwendung dieser Grafiken, Animationen, Fotos und Texte in anderen elektronischen oder gedruckten Publikationen ist nicht gestattet, es sei denn, FRANKONIA Hospitality GmbH erteilt hierzu ihre ausdr\u00fcckliche schriftliche Zustimmung.<br \/><br \/>4. Sonstiges<br \/>Sollten einzelne Klauseln unwirksam sein oder werden, ber\u00fchrt dies die Wirksamkeit der anderen Klauseln nicht. Es wird die ausschlie\u00dfliche Anwendbarkeit deutschen Rechts vereinbart. Gerichtsstand und Erf\u00fcllungsort f\u00fcr alle Anspr\u00fcche ist D\u00fcsseldorf.<\/p>\t\t\t\t\t\t\t\t<\/div>\n\t\t\t\t<div class=\"elementor-element elementor-element-0e52c0f elementor-widget elementor-widget-spacer\" data-id=\"0e52c0f\" data-element_type=\"widget\" data-e-type=\"widget\" data-widget_type=\"spacer.default\">\n\t\t\t\t\t\t\t<div class=\"elementor-spacer\">\n\t\t\t<div class=\"elementor-spacer-inner\"><\/div>\n\t\t<\/div>\n\t\t\t\t\t\t<\/div>\n\t\t\t\t<\/div>\n\t\t\t\t<\/div>\n\t\t","protected":false},"excerpt":{"rendered":"<p>Impressum Impressum FRANKONIA Hospitality GmbH M\u00fchlenstra\u00dfe 34,40213 D\u00fcsseldorf,Deutschland Tel.:\u00a0+49 211 547650622 E-Mail: info@frankonia-eurobau.de Amtsgericht KrefeldRegisternummer:\u00a0HRB 11993 USt-IdNr.:\u00a0DE 261572862 Gesch\u00e4ftsf\u00fchrer: Dipl.-Ing. Uwe Schmitz Rechtliche Hinweise 1. Inhalt des OnlineangebotesFRANKONIA Hospitality GmbH \u00fcbernimmt keinerlei Gew\u00e4hr f\u00fcr die Aktualit\u00e4t, Korrektheit, Vollst\u00e4ndigkeit oder Qualit\u00e4t der bereitgestellten Informationen. Haftungsanspr\u00fcche gegen FRANKONIA Hospitality GmbH, welche sich auf Sch\u00e4den materieller oder immaterieller [&hellip;]<\/p>\n","protected":false},"author":1,"featured_media":920,"parent":0,"menu_order":0,"comment_status":"closed","ping_status":"closed","template":"","meta":{"footnotes":""},"class_list":["post-392","page","type-page","status-publish","has-post-thumbnail","hentry"],"yoast_head":"<!-- This site is optimized with the Yoast SEO plugin v27.2 - https:\/\/yoast.com\/product\/yoast-seo-wordpress\/ -->\n<title>Impressum - The Wellem Residences<\/title>\n<meta name=\"description\" content=\"Anbieterkennzeichnung und rechtliche Informationen zu The Wellem Residences im Andreas Quartier D\u00fcsseldorf.\" \/>\n<meta name=\"robots\" content=\"index, follow, max-snippet:-1, max-image-preview:large, max-video-preview:-1\" \/>\n<link rel=\"canonical\" href=\"https:\/\/thewellemresidences.com\/de\/impressum\/\" \/>\n<meta property=\"og:locale\" content=\"de_DE\" \/>\n<meta property=\"og:type\" content=\"article\" \/>\n<meta property=\"og:title\" content=\"Impressum - The Wellem Residences\" \/>\n<meta property=\"og:description\" content=\"Anbieterkennzeichnung und rechtliche Informationen zu The Wellem Residences im Andreas Quartier D\u00fcsseldorf.\" \/>\n<meta property=\"og:url\" content=\"https:\/\/thewellemresidences.com\/de\/impressum\/\" \/>\n<meta property=\"og:site_name\" content=\"The Wellem Residences\" \/>\n<meta property=\"article:modified_time\" content=\"2026-02-19T12:10:19+00:00\" \/>\n<meta property=\"og:image\" content=\"https:\/\/thewellemresidences.com\/wp-content\/uploads\/2026\/02\/luxusimmobilien-kaufen-verkaufen-duesseldorf-andreasquartier-eingang.jpg\" \/>\n\t<meta property=\"og:image:width\" content=\"1920\" \/>\n\t<meta property=\"og:image:height\" content=\"1440\" \/>\n\t<meta property=\"og:image:type\" content=\"image\/jpeg\" \/>\n<meta name=\"twitter:card\" content=\"summary_large_image\" \/>\n<meta name=\"twitter:label1\" content=\"Gesch\u00e4tzte Lesezeit\" \/>\n\t<meta name=\"twitter:data1\" content=\"3\u00a0Minuten\" \/>\n<script type=\"application\/ld+json\" class=\"yoast-schema-graph\">{\"@context\":\"https:\/\/schema.org\",\"@graph\":[{\"@type\":\"WebPage\",\"@id\":\"https:\/\/thewellemresidences.com\/de\/impressum\/\",\"url\":\"https:\/\/thewellemresidences.com\/de\/impressum\/\",\"name\":\"Impressum - The Wellem Residences\",\"isPartOf\":{\"@id\":\"https:\/\/thewellemresidences.com\/de\/#website\"},\"primaryImageOfPage\":{\"@id\":\"https:\/\/thewellemresidences.com\/de\/impressum\/#primaryimage\"},\"image\":{\"@id\":\"https:\/\/thewellemresidences.com\/de\/impressum\/#primaryimage\"},\"thumbnailUrl\":\"https:\/\/thewellemresidences.com\/wp-content\/uploads\/2026\/02\/luxusimmobilien-kaufen-verkaufen-duesseldorf-andreasquartier-eingang.jpg\",\"datePublished\":\"2026-01-29T13:43:59+00:00\",\"dateModified\":\"2026-02-19T12:10:19+00:00\",\"description\":\"Anbieterkennzeichnung und rechtliche Informationen zu The Wellem Residences im Andreas Quartier D\u00fcsseldorf.\",\"breadcrumb\":{\"@id\":\"https:\/\/thewellemresidences.com\/de\/impressum\/#breadcrumb\"},\"inLanguage\":\"de\",\"potentialAction\":[{\"@type\":\"ReadAction\",\"target\":[\"https:\/\/thewellemresidences.com\/de\/impressum\/\"]}]},{\"@type\":\"ImageObject\",\"inLanguage\":\"de\",\"@id\":\"https:\/\/thewellemresidences.com\/de\/impressum\/#primaryimage\",\"url\":\"https:\/\/thewellemresidences.com\/wp-content\/uploads\/2026\/02\/luxusimmobilien-kaufen-verkaufen-duesseldorf-andreasquartier-eingang.jpg\",\"contentUrl\":\"https:\/\/thewellemresidences.com\/wp-content\/uploads\/2026\/02\/luxusimmobilien-kaufen-verkaufen-duesseldorf-andreasquartier-eingang.jpg\",\"width\":1920,\"height\":1440,\"caption\":\"Eindrucksvoller Eingang des The Wellem in D\u00fcsseldorf\"},{\"@type\":\"BreadcrumbList\",\"@id\":\"https:\/\/thewellemresidences.com\/de\/impressum\/#breadcrumb\",\"itemListElement\":[{\"@type\":\"ListItem\",\"position\":1,\"name\":\"Start\",\"item\":\"https:\/\/thewellemresidences.com\/de\/\"},{\"@type\":\"ListItem\",\"position\":2,\"name\":\"Impressum\"}]},{\"@type\":\"WebSite\",\"@id\":\"https:\/\/thewellemresidences.com\/de\/#website\",\"url\":\"https:\/\/thewellemresidences.com\/de\/\",\"name\":\"The Wellem Residences\",\"description\":\"Serviced Apartments in D\u00fcsseldorf\",\"publisher\":{\"@id\":\"https:\/\/thewellemresidences.com\/de\/#organization\"},\"potentialAction\":[{\"@type\":\"SearchAction\",\"target\":{\"@type\":\"EntryPoint\",\"urlTemplate\":\"https:\/\/thewellemresidences.com\/de\/?s={search_term_string}\"},\"query-input\":{\"@type\":\"PropertyValueSpecification\",\"valueRequired\":true,\"valueName\":\"search_term_string\"}}],\"inLanguage\":\"de\"},{\"@type\":\"Organization\",\"@id\":\"https:\/\/thewellemresidences.com\/de\/#organization\",\"name\":\"The Wellem Residences\",\"url\":\"https:\/\/thewellemresidences.com\/de\/\",\"logo\":{\"@type\":\"ImageObject\",\"inLanguage\":\"de\",\"@id\":\"https:\/\/thewellemresidences.com\/de\/#\/schema\/logo\/image\/\",\"url\":\"https:\/\/thewellemresidences.com\/wp-content\/uploads\/2026\/01\/The-Wellem-Residences.png\",\"contentUrl\":\"https:\/\/thewellemresidences.com\/wp-content\/uploads\/2026\/01\/The-Wellem-Residences.png\",\"width\":1920,\"height\":702,\"caption\":\"The Wellem Residences\"},\"image\":{\"@id\":\"https:\/\/thewellemresidences.com\/de\/#\/schema\/logo\/image\/\"}}]}<\/script>\n<!-- \/ Yoast SEO plugin. -->","yoast_head_json":{"title":"Impressum - The Wellem Residences","description":"Anbieterkennzeichnung und rechtliche Informationen zu The Wellem Residences im Andreas Quartier D\u00fcsseldorf.","robots":{"index":"index","follow":"follow","max-snippet":"max-snippet:-1","max-image-preview":"max-image-preview:large","max-video-preview":"max-video-preview:-1"},"canonical":"https:\/\/thewellemresidences.com\/de\/impressum\/","og_locale":"de_DE","og_type":"article","og_title":"Impressum - The Wellem Residences","og_description":"Anbieterkennzeichnung und rechtliche Informationen zu The Wellem Residences im Andreas Quartier D\u00fcsseldorf.","og_url":"https:\/\/thewellemresidences.com\/de\/impressum\/","og_site_name":"The Wellem Residences","article_modified_time":"2026-02-19T12:10:19+00:00","og_image":[{"width":1920,"height":1440,"url":"https:\/\/thewellemresidences.com\/wp-content\/uploads\/2026\/02\/luxusimmobilien-kaufen-verkaufen-duesseldorf-andreasquartier-eingang.jpg","type":"image\/jpeg"}],"twitter_card":"summary_large_image","twitter_misc":{"Gesch\u00e4tzte Lesezeit":"3\u00a0Minuten"},"schema":{"@context":"https:\/\/schema.org","@graph":[{"@type":"WebPage","@id":"https:\/\/thewellemresidences.com\/de\/impressum\/","url":"https:\/\/thewellemresidences.com\/de\/impressum\/","name":"Impressum - The Wellem Residences","isPartOf":{"@id":"https:\/\/thewellemresidences.com\/de\/#website"},"primaryImageOfPage":{"@id":"https:\/\/thewellemresidences.com\/de\/impressum\/#primaryimage"},"image":{"@id":"https:\/\/thewellemresidences.com\/de\/impressum\/#primaryimage"},"thumbnailUrl":"https:\/\/thewellemresidences.com\/wp-content\/uploads\/2026\/02\/luxusimmobilien-kaufen-verkaufen-duesseldorf-andreasquartier-eingang.jpg","datePublished":"2026-01-29T13:43:59+00:00","dateModified":"2026-02-19T12:10:19+00:00","description":"Anbieterkennzeichnung und rechtliche Informationen zu The Wellem Residences im Andreas Quartier D\u00fcsseldorf.","breadcrumb":{"@id":"https:\/\/thewellemresidences.com\/de\/impressum\/#breadcrumb"},"inLanguage":"de","potentialAction":[{"@type":"ReadAction","target":["https:\/\/thewellemresidences.com\/de\/impressum\/"]}]},{"@type":"ImageObject","inLanguage":"de","@id":"https:\/\/thewellemresidences.com\/de\/impressum\/#primaryimage","url":"https:\/\/thewellemresidences.com\/wp-content\/uploads\/2026\/02\/luxusimmobilien-kaufen-verkaufen-duesseldorf-andreasquartier-eingang.jpg","contentUrl":"https:\/\/thewellemresidences.com\/wp-content\/uploads\/2026\/02\/luxusimmobilien-kaufen-verkaufen-duesseldorf-andreasquartier-eingang.jpg","width":1920,"height":1440,"caption":"Eindrucksvoller Eingang des The Wellem in D\u00fcsseldorf"},{"@type":"BreadcrumbList","@id":"https:\/\/thewellemresidences.com\/de\/impressum\/#breadcrumb","itemListElement":[{"@type":"ListItem","position":1,"name":"Start","item":"https:\/\/thewellemresidences.com\/de\/"},{"@type":"ListItem","position":2,"name":"Impressum"}]},{"@type":"WebSite","@id":"https:\/\/thewellemresidences.com\/de\/#website","url":"https:\/\/thewellemresidences.com\/de\/","name":"The Wellem Residences","description":"Serviced Apartments in D\u00fcsseldorf","publisher":{"@id":"https:\/\/thewellemresidences.com\/de\/#organization"},"potentialAction":[{"@type":"SearchAction","target":{"@type":"EntryPoint","urlTemplate":"https:\/\/thewellemresidences.com\/de\/?s={search_term_string}"},"query-input":{"@type":"PropertyValueSpecification","valueRequired":true,"valueName":"search_term_string"}}],"inLanguage":"de"},{"@type":"Organization","@id":"https:\/\/thewellemresidences.com\/de\/#organization","name":"The Wellem Residences","url":"https:\/\/thewellemresidences.com\/de\/","logo":{"@type":"ImageObject","inLanguage":"de","@id":"https:\/\/thewellemresidences.com\/de\/#\/schema\/logo\/image\/","url":"https:\/\/thewellemresidences.com\/wp-content\/uploads\/2026\/01\/The-Wellem-Residences.png","contentUrl":"https:\/\/thewellemresidences.com\/wp-content\/uploads\/2026\/01\/The-Wellem-Residences.png","width":1920,"height":702,"caption":"The Wellem Residences"},"image":{"@id":"https:\/\/thewellemresidences.com\/de\/#\/schema\/logo\/image\/"}}]}},"_links":{"self":[{"href":"https:\/\/thewellemresidences.com\/de\/wp-json\/wp\/v2\/pages\/392","targetHints":{"allow":["GET"]}}],"collection":[{"href":"https:\/\/thewellemresidences.com\/de\/wp-json\/wp\/v2\/pages"}],"about":[{"href":"https:\/\/thewellemresidences.com\/de\/wp-json\/wp\/v2\/types\/page"}],"author":[{"embeddable":true,"href":"https:\/\/thewellemresidences.com\/de\/wp-json\/wp\/v2\/users\/1"}],"replies":[{"embeddable":true,"href":"https:\/\/thewellemresidences.com\/de\/wp-json\/wp\/v2\/comments?post=392"}],"version-history":[{"count":16,"href":"https:\/\/thewellemresidences.com\/de\/wp-json\/wp\/v2\/pages\/392\/revisions"}],"predecessor-version":[{"id":1000,"href":"https:\/\/thewellemresidences.com\/de\/wp-json\/wp\/v2\/pages\/392\/revisions\/1000"}],"wp:featuredmedia":[{"embeddable":true,"href":"https:\/\/thewellemresidences.com\/de\/wp-json\/wp\/v2\/media\/920"}],"wp:attachment":[{"href":"https:\/\/thewellemresidences.com\/de\/wp-json\/wp\/v2\/media?parent=392"}],"curies":[{"name":"wp","href":"https:\/\/api.w.org\/{rel}","templated":true}]}}