{"id":885,"date":"2026-02-10T11:29:03","date_gmt":"2026-02-10T11:29:03","guid":{"rendered":"http:\/\/thewellemresidences.com\/?page_id=885"},"modified":"2026-03-13T10:35:37","modified_gmt":"2026-03-13T10:35:37","slug":"datenschutz","status":"publish","type":"page","link":"https:\/\/thewellemresidences.com\/de\/datenschutz\/","title":{"rendered":"Datenschutz"},"content":{"rendered":"\t\t<div data-elementor-type=\"wp-page\" data-elementor-id=\"885\" class=\"elementor elementor-885\" data-elementor-post-type=\"page\">\n\t\t\t\t<div class=\"elementor-element elementor-element-fce0a1d e-flex e-con-boxed e-con e-parent\" data-id=\"fce0a1d\" data-element_type=\"container\" data-e-type=\"container\">\n\t\t\t\t\t<div class=\"e-con-inner\">\n\t\t\t\t<div class=\"elementor-element elementor-element-cd6bb14 elementor-widget elementor-widget-spacer\" data-id=\"cd6bb14\" data-element_type=\"widget\" data-e-type=\"widget\" data-widget_type=\"spacer.default\">\n\t\t\t\t\t\t\t<div class=\"elementor-spacer\">\n\t\t\t<div class=\"elementor-spacer-inner\"><\/div>\n\t\t<\/div>\n\t\t\t\t\t\t<\/div>\n\t\t\t\t<div class=\"elementor-element elementor-element-f214f8d elementor-widget elementor-widget-heading\" data-id=\"f214f8d\" data-element_type=\"widget\" data-e-type=\"widget\" data-widget_type=\"heading.default\">\n\t\t\t\t\t<h1 class=\"elementor-heading-title elementor-size-default\">Datenschutzerkl\u00e4rung<\/h1>\t\t\t\t<\/div>\n\t\t\t\t<div class=\"elementor-element elementor-element-2306ab8 elementor-widget elementor-widget-spacer\" data-id=\"2306ab8\" data-element_type=\"widget\" data-e-type=\"widget\" data-widget_type=\"spacer.default\">\n\t\t\t\t\t\t\t<div class=\"elementor-spacer\">\n\t\t\t<div class=\"elementor-spacer-inner\"><\/div>\n\t\t<\/div>\n\t\t\t\t\t\t<\/div>\n\t\t\t\t<div class=\"elementor-element elementor-element-0ed5a29 elementor-widget elementor-widget-text-editor\" data-id=\"0ed5a29\" data-element_type=\"widget\" data-e-type=\"widget\" data-widget_type=\"text-editor.default\">\n\t\t\t\t\t\t\t\t\t<p>\u00a0<strong>1. Verantwortlicher<\/strong><\/p><p>Verantwortlicher im Sinne der Datenschutz-Grundverordnung (DSGVO) ist:<\/p><p>FRANKONIA Hospitality GmbH<br \/>M\u00fchlenstra\u00dfe 34,<br \/>40213 D\u00fcsseldorf,<br \/>Deutschland<\/p><p>E-Mail: info@frankonia-eurobau.de<br \/>Telefon: +49 211 547650622<\/p><p><strong>2. Hosting<\/strong><\/p><p>Unsere Website wird bei folgendem Anbieter gehostet:<\/p><p>STRATO AG<br \/>Pascalstra\u00dfe 10<br \/>10587 Berlin<br \/>Deutschland<\/p><p>Die Server befinden sich innerhalb der Europ\u00e4ischen Union.<\/p><p>Rechtsgrundlage:<br \/>Art. 6 Abs. 1 lit. f DSGVO (berechtigtes Interesse an sicherer und stabiler Bereitstellung der Website).<\/p><p>Mit STRATO wurde ein Vertrag zur Auftragsverarbeitung gem\u00e4\u00df Art. 28 DSGVO abgeschlossen.<\/p><p><strong>3. Zugriffsdaten (Server-Logfiles)<\/strong><\/p><p>Beim Besuch unserer Website werden automatisch folgende Daten erfasst:<\/p><p>IP-Adresse (gek\u00fcrzt bzw. anonymisiert)<\/p><p>Datum und Uhrzeit des Zugriffs<\/p><p>aufgerufene Seite<\/p><p>Referrer-URL<\/p><p>Browsertyp und -version<\/p><p>Betriebssystem<\/p><p>Diese Daten dienen der technischen Sicherheit und Stabilit\u00e4t.<\/p><p>Rechtsgrundlage: Art. 6 Abs. 1 lit. f DSGVO.<\/p><p><strong>4. Cookies und Einwilligungsmanagement (CookieYes)<\/strong><\/p><p>Unsere Website nutzt das Consent-Tool CookieYes, um Einwilligungen f\u00fcr Cookies und Tracking-Technologien DSGVO-konform einzuholen.<\/p><p>Anbieter:<br \/>CookieYes Limited<br \/>UK<\/p><p>Die Verarbeitung erfolgt auf Grundlage von:<\/p><p>Art. 6 Abs. 1 lit. c DSGVO (rechtliche Verpflichtung)<br \/>Art. 6 Abs. 1 lit. a DSGVO (Einwilligung)<\/p><p>Einwilligungen k\u00f6nnen jederzeit \u00fcber das Cookie-Banner widerrufen werden.<\/p><p><strong>5. Google Analytics 4 (GA4)<\/strong><\/p><p>Wir verwenden Google Analytics 4 mit Server-Side-Tracking.<\/p><p>Anbieter:<br \/>Google Ireland Limited<br \/>Gordon House, Barrow Street<br \/>Dublin 4, Irland<\/p><p>Google Analytics analysiert das Nutzungsverhalten auf unserer Website.<\/p><p>Folgende Daten werden verarbeitet:<\/p><p>anonymisierte IP-Adresse<\/p><p>Seitenaufrufe<\/p><p>Interaktionen<\/p><p>Ger\u00e4teinformationen<\/p><p>ungef\u00e4hre Standortdaten<\/p><p>IP-Anonymisierung ist aktiviert.<\/p><p>Rechtsgrundlage:<br \/>Art. 6 Abs. 1 lit. a DSGVO (Einwilligung \u00fcber CookieYes)<\/p><p>Drittland\u00fcbermittlung:<br \/>Eine \u00dcbermittlung in die USA kann nicht ausgeschlossen werden. Google verwendet Standardvertragsklauseln gem\u00e4\u00df Art. 46 DSGVO.<\/p><p>Widerruf:<br \/>Die Einwilligung kann jederzeit \u00fcber das Cookie-Banner widerrufen werden.<\/p><p><strong>6. Kontaktformular (Elementor Forms)<\/strong><\/p><p>Bei Nutzung unseres Kontaktformulars werden folgende Daten verarbeitet:<\/p><p>Name<\/p><p>E-Mail-Adresse<\/p><p>Telefonnummer (optional)<\/p><p>Nachricht<\/p><p>Die Daten werden ausschlie\u00dflich zur Bearbeitung Ihrer Anfrage verwendet.<\/p><p>Rechtsgrundlage:<br \/>Art. 6 Abs. 1 lit. b DSGVO (vorvertragliche Ma\u00dfnahmen)<\/p><p>Speicherdauer:<br \/>Die Daten werden gel\u00f6scht, sobald sie f\u00fcr die Zweckerf\u00fcllung nicht mehr erforderlich sind, sofern keine gesetzlichen Aufbewahrungspflichten bestehen.<\/p><p><strong>7. Google Maps<\/strong><\/p><p>Auf unserer Website ist Google Maps eingebunden.<\/p><p>Anbieter:<br \/>Google Ireland Limited<br \/>Dublin, Irland<\/p><p>Beim Aufruf der Karte werden personenbezogene Daten (insbesondere IP-Adresse) an Google \u00fcbermittelt.<\/p><p>Rechtsgrundlage:<br \/>Art. 6 Abs. 1 lit. a DSGVO (Einwilligung)<\/p><p>Die Einbindung erfolgt erst nach Zustimmung im Cookie-Banner.<\/p><p><strong>8. Buchungssystem (SiteMinder \u2013 iFrame)<\/strong><\/p><p>Auf einer Unterseite ist ein iFrame des Buchungsanbieters SiteMinder eingebunden.<\/p><p>Anbieter:<br \/>SiteMinder Limited<br \/>Sydney, Australien<\/p><p>Beim Aufruf des Buchungsbereichs werden personenbezogene Daten direkt an SiteMinder \u00fcbertragen.<\/p><p>Wir haben keinen Einfluss auf die dortige Datenverarbeitung.<\/p><p>Es gelten die Datenschutzbestimmungen von SiteMinder:<br \/>https:\/\/www.siteminder.com\/legal\/privacy-policy\/<\/p><p>Rechtsgrundlage:<br \/>Art. 6 Abs. 1 lit. b DSGVO (Vertragsanbahnung)<br \/>Art. 6 Abs. 1 lit. a DSGVO (Einwilligung, sofern Cookies gesetzt werden)<\/p><p>Eine Daten\u00fcbermittlung in Drittstaaten ist m\u00f6glich.<\/p><p><strong>9. Speicherdauer<\/strong><\/p><p>Personenbezogene Daten werden nur so lange gespeichert, wie dies zur Erf\u00fcllung des jeweiligen Zwecks erforderlich ist.<\/p><p><strong>10. Betroffenenrechte<\/strong><\/p><p>Sie haben folgende Rechte:<\/p><p>Auskunft (Art. 15 DSGVO)<\/p><p>Berichtigung (Art. 16 DSGVO)<\/p><p>L\u00f6schung (Art. 17 DSGVO)<\/p><p>Einschr\u00e4nkung der Verarbeitung (Art. 18 DSGVO)<\/p><p>Daten\u00fcbertragbarkeit (Art. 20 DSGVO)<\/p><p>Widerspruch (Art. 21 DSGVO)<\/p><p>Widerruf erteilter Einwilligungen<\/p><p>Beschwerderecht bei einer Aufsichtsbeh\u00f6rde:<br \/>Landesbeauftragte f\u00fcr Datenschutz NRW (falls Sitz NRW)<\/p><p><strong>11. SSL-Verschl\u00fcsselung<\/strong><\/p><p>Unsere Website nutzt eine SSL-Verschl\u00fcsselung zur sicheren \u00dcbertragung von Daten.<\/p><p>\u00a0<\/p><p><strong>Hinweis zur Nutzung von K\u00fcnstlicher Intelligenz<\/strong><\/p><p>In unserem Unternehmen setzen wir in bestimmten Bereichen Technologien der K\u00fcnstlichen Intelligenz (KI) ein, beispielsweise zur Unterst\u00fctzung bei Recherchen, Analysen und der Erstellung von Entw\u00fcrfen f\u00fcr Texte oder Inhalte.<\/p><p>KI-Systeme dienen dabei ausschlie\u00dflich als unterst\u00fctzende Werkzeuge. Alle Inhalte werden vor ihrer Ver\u00f6ffentlichung durch Mitarbeitende unseres Unternehmens gepr\u00fcft und verantwortet.\u00a0<\/p>\t\t\t\t\t\t\t\t<\/div>\n\t\t\t\t<div class=\"elementor-element elementor-element-a6d5093 elementor-widget elementor-widget-spacer\" data-id=\"a6d5093\" data-element_type=\"widget\" data-e-type=\"widget\" data-widget_type=\"spacer.default\">\n\t\t\t\t\t\t\t<div class=\"elementor-spacer\">\n\t\t\t<div class=\"elementor-spacer-inner\"><\/div>\n\t\t<\/div>\n\t\t\t\t\t\t<\/div>\n\t\t\t\t\t<\/div>\n\t\t\t\t<\/div>\n\t\t\t\t<\/div>\n\t\t","protected":false},"excerpt":{"rendered":"<p>Datenschutzerkl\u00e4rung \u00a01. Verantwortlicher Verantwortlicher im Sinne der Datenschutz-Grundverordnung (DSGVO) ist: FRANKONIA Hospitality GmbHM\u00fchlenstra\u00dfe 34,40213 D\u00fcsseldorf,Deutschland E-Mail: info@frankonia-eurobau.deTelefon: +49 211 547650622 2. Hosting Unsere Website wird bei folgendem Anbieter gehostet: STRATO AGPascalstra\u00dfe 1010587 BerlinDeutschland Die Server befinden sich innerhalb der Europ\u00e4ischen Union. Rechtsgrundlage:Art. 6 Abs. 1 lit. f DSGVO (berechtigtes Interesse an sicherer und stabiler Bereitstellung [&hellip;]<\/p>\n","protected":false},"author":1,"featured_media":0,"parent":0,"menu_order":0,"comment_status":"closed","ping_status":"closed","template":"","meta":{"footnotes":""},"class_list":["post-885","page","type-page","status-publish","hentry"],"yoast_head":"<!-- This site is optimized with the Yoast SEO plugin v27.2 - https:\/\/yoast.com\/product\/yoast-seo-wordpress\/ -->\n<title>Datenschutzerkl\u00e4rung - The Wellem Residences D\u00fcsseldorf<\/title>\n<meta name=\"description\" content=\"Informationen zum Datenschutz gem\u00e4\u00df DSGVO bei The Wellem Residences D\u00fcsseldorf. Transparente Hinweise zur Verarbeitung personenbezogener Daten.\" \/>\n<meta name=\"robots\" content=\"index, follow, max-snippet:-1, max-image-preview:large, max-video-preview:-1\" \/>\n<link rel=\"canonical\" href=\"https:\/\/thewellemresidences.com\/de\/datenschutz\/\" \/>\n<meta property=\"og:locale\" content=\"de_DE\" \/>\n<meta property=\"og:type\" content=\"article\" \/>\n<meta property=\"og:title\" content=\"Datenschutzerkl\u00e4rung - The Wellem Residences D\u00fcsseldorf\" \/>\n<meta property=\"og:description\" content=\"Informationen zum Datenschutz gem\u00e4\u00df DSGVO bei The Wellem Residences D\u00fcsseldorf. Transparente Hinweise zur Verarbeitung personenbezogener Daten.\" \/>\n<meta property=\"og:url\" content=\"https:\/\/thewellemresidences.com\/de\/datenschutz\/\" \/>\n<meta property=\"og:site_name\" content=\"The Wellem Residences\" \/>\n<meta property=\"article:modified_time\" content=\"2026-03-13T10:35:37+00:00\" \/>\n<meta name=\"twitter:card\" content=\"summary_large_image\" \/>\n<meta name=\"twitter:label1\" content=\"Gesch\u00e4tzte Lesezeit\" \/>\n\t<meta name=\"twitter:data1\" content=\"4\u00a0Minuten\" \/>\n<script type=\"application\/ld+json\" class=\"yoast-schema-graph\">{\"@context\":\"https:\/\/schema.org\",\"@graph\":[{\"@type\":\"WebPage\",\"@id\":\"https:\/\/thewellemresidences.com\/de\/datenschutz\/\",\"url\":\"https:\/\/thewellemresidences.com\/de\/datenschutz\/\",\"name\":\"Datenschutzerkl\u00e4rung - The Wellem Residences D\u00fcsseldorf\",\"isPartOf\":{\"@id\":\"https:\/\/thewellemresidences.com\/de\/#website\"},\"datePublished\":\"2026-02-10T11:29:03+00:00\",\"dateModified\":\"2026-03-13T10:35:37+00:00\",\"description\":\"Informationen zum Datenschutz gem\u00e4\u00df DSGVO bei The Wellem Residences D\u00fcsseldorf. Transparente Hinweise zur Verarbeitung personenbezogener Daten.\",\"breadcrumb\":{\"@id\":\"https:\/\/thewellemresidences.com\/de\/datenschutz\/#breadcrumb\"},\"inLanguage\":\"de\",\"potentialAction\":[{\"@type\":\"ReadAction\",\"target\":[\"https:\/\/thewellemresidences.com\/de\/datenschutz\/\"]}]},{\"@type\":\"BreadcrumbList\",\"@id\":\"https:\/\/thewellemresidences.com\/de\/datenschutz\/#breadcrumb\",\"itemListElement\":[{\"@type\":\"ListItem\",\"position\":1,\"name\":\"Start\",\"item\":\"https:\/\/thewellemresidences.com\/de\/\"},{\"@type\":\"ListItem\",\"position\":2,\"name\":\"Datenschutz\"}]},{\"@type\":\"WebSite\",\"@id\":\"https:\/\/thewellemresidences.com\/de\/#website\",\"url\":\"https:\/\/thewellemresidences.com\/de\/\",\"name\":\"The Wellem Residences\",\"description\":\"Serviced Apartments in D\u00fcsseldorf\",\"publisher\":{\"@id\":\"https:\/\/thewellemresidences.com\/de\/#organization\"},\"potentialAction\":[{\"@type\":\"SearchAction\",\"target\":{\"@type\":\"EntryPoint\",\"urlTemplate\":\"https:\/\/thewellemresidences.com\/de\/?s={search_term_string}\"},\"query-input\":{\"@type\":\"PropertyValueSpecification\",\"valueRequired\":true,\"valueName\":\"search_term_string\"}}],\"inLanguage\":\"de\"},{\"@type\":\"Organization\",\"@id\":\"https:\/\/thewellemresidences.com\/de\/#organization\",\"name\":\"The Wellem Residences\",\"url\":\"https:\/\/thewellemresidences.com\/de\/\",\"logo\":{\"@type\":\"ImageObject\",\"inLanguage\":\"de\",\"@id\":\"https:\/\/thewellemresidences.com\/de\/#\/schema\/logo\/image\/\",\"url\":\"https:\/\/thewellemresidences.com\/wp-content\/uploads\/2026\/01\/The-Wellem-Residences.png\",\"contentUrl\":\"https:\/\/thewellemresidences.com\/wp-content\/uploads\/2026\/01\/The-Wellem-Residences.png\",\"width\":1920,\"height\":702,\"caption\":\"The Wellem Residences\"},\"image\":{\"@id\":\"https:\/\/thewellemresidences.com\/de\/#\/schema\/logo\/image\/\"}}]}<\/script>\n<!-- \/ Yoast SEO plugin. -->","yoast_head_json":{"title":"Datenschutzerkl\u00e4rung - The Wellem Residences D\u00fcsseldorf","description":"Informationen zum Datenschutz gem\u00e4\u00df DSGVO bei The Wellem Residences D\u00fcsseldorf. Transparente Hinweise zur Verarbeitung personenbezogener Daten.","robots":{"index":"index","follow":"follow","max-snippet":"max-snippet:-1","max-image-preview":"max-image-preview:large","max-video-preview":"max-video-preview:-1"},"canonical":"https:\/\/thewellemresidences.com\/de\/datenschutz\/","og_locale":"de_DE","og_type":"article","og_title":"Datenschutzerkl\u00e4rung - The Wellem Residences D\u00fcsseldorf","og_description":"Informationen zum Datenschutz gem\u00e4\u00df DSGVO bei The Wellem Residences D\u00fcsseldorf. Transparente Hinweise zur Verarbeitung personenbezogener Daten.","og_url":"https:\/\/thewellemresidences.com\/de\/datenschutz\/","og_site_name":"The Wellem Residences","article_modified_time":"2026-03-13T10:35:37+00:00","twitter_card":"summary_large_image","twitter_misc":{"Gesch\u00e4tzte Lesezeit":"4\u00a0Minuten"},"schema":{"@context":"https:\/\/schema.org","@graph":[{"@type":"WebPage","@id":"https:\/\/thewellemresidences.com\/de\/datenschutz\/","url":"https:\/\/thewellemresidences.com\/de\/datenschutz\/","name":"Datenschutzerkl\u00e4rung - The Wellem Residences D\u00fcsseldorf","isPartOf":{"@id":"https:\/\/thewellemresidences.com\/de\/#website"},"datePublished":"2026-02-10T11:29:03+00:00","dateModified":"2026-03-13T10:35:37+00:00","description":"Informationen zum Datenschutz gem\u00e4\u00df DSGVO bei The Wellem Residences D\u00fcsseldorf. Transparente Hinweise zur Verarbeitung personenbezogener Daten.","breadcrumb":{"@id":"https:\/\/thewellemresidences.com\/de\/datenschutz\/#breadcrumb"},"inLanguage":"de","potentialAction":[{"@type":"ReadAction","target":["https:\/\/thewellemresidences.com\/de\/datenschutz\/"]}]},{"@type":"BreadcrumbList","@id":"https:\/\/thewellemresidences.com\/de\/datenschutz\/#breadcrumb","itemListElement":[{"@type":"ListItem","position":1,"name":"Start","item":"https:\/\/thewellemresidences.com\/de\/"},{"@type":"ListItem","position":2,"name":"Datenschutz"}]},{"@type":"WebSite","@id":"https:\/\/thewellemresidences.com\/de\/#website","url":"https:\/\/thewellemresidences.com\/de\/","name":"The Wellem Residences","description":"Serviced Apartments in D\u00fcsseldorf","publisher":{"@id":"https:\/\/thewellemresidences.com\/de\/#organization"},"potentialAction":[{"@type":"SearchAction","target":{"@type":"EntryPoint","urlTemplate":"https:\/\/thewellemresidences.com\/de\/?s={search_term_string}"},"query-input":{"@type":"PropertyValueSpecification","valueRequired":true,"valueName":"search_term_string"}}],"inLanguage":"de"},{"@type":"Organization","@id":"https:\/\/thewellemresidences.com\/de\/#organization","name":"The Wellem Residences","url":"https:\/\/thewellemresidences.com\/de\/","logo":{"@type":"ImageObject","inLanguage":"de","@id":"https:\/\/thewellemresidences.com\/de\/#\/schema\/logo\/image\/","url":"https:\/\/thewellemresidences.com\/wp-content\/uploads\/2026\/01\/The-Wellem-Residences.png","contentUrl":"https:\/\/thewellemresidences.com\/wp-content\/uploads\/2026\/01\/The-Wellem-Residences.png","width":1920,"height":702,"caption":"The Wellem Residences"},"image":{"@id":"https:\/\/thewellemresidences.com\/de\/#\/schema\/logo\/image\/"}}]}},"_links":{"self":[{"href":"https:\/\/thewellemresidences.com\/de\/wp-json\/wp\/v2\/pages\/885","targetHints":{"allow":["GET"]}}],"collection":[{"href":"https:\/\/thewellemresidences.com\/de\/wp-json\/wp\/v2\/pages"}],"about":[{"href":"https:\/\/thewellemresidences.com\/de\/wp-json\/wp\/v2\/types\/page"}],"author":[{"embeddable":true,"href":"https:\/\/thewellemresidences.com\/de\/wp-json\/wp\/v2\/users\/1"}],"replies":[{"embeddable":true,"href":"https:\/\/thewellemresidences.com\/de\/wp-json\/wp\/v2\/comments?post=885"}],"version-history":[{"count":13,"href":"https:\/\/thewellemresidences.com\/de\/wp-json\/wp\/v2\/pages\/885\/revisions"}],"predecessor-version":[{"id":1642,"href":"https:\/\/thewellemresidences.com\/de\/wp-json\/wp\/v2\/pages\/885\/revisions\/1642"}],"wp:attachment":[{"href":"https:\/\/thewellemresidences.com\/de\/wp-json\/wp\/v2\/media?parent=885"}],"curies":[{"name":"wp","href":"https:\/\/api.w.org\/{rel}","templated":true}]}}