{"id":1448,"date":"2026-01-29T13:43:59","date_gmt":"2026-01-29T13:43:59","guid":{"rendered":"https:\/\/thewellemresidences.com\/impressum\/"},"modified":"2026-02-19T15:49:57","modified_gmt":"2026-02-19T15:49:57","slug":"impressum","status":"publish","type":"page","link":"https:\/\/thewellemresidences.com\/en\/impressum\/","title":{"rendered":"Impressum"},"content":{"rendered":"\t\t<div data-elementor-type=\"wp-page\" data-elementor-id=\"1448\" class=\"elementor elementor-1448 elementor-392\" data-elementor-post-type=\"page\">\n\t\t\t\t<div class=\"elementor-element elementor-element-0c2c396 e-flex e-con-boxed e-con e-parent\" data-id=\"0c2c396\" data-element_type=\"container\" data-e-type=\"container\" data-settings=\"{&quot;background_background&quot;:&quot;classic&quot;}\">\n\t\t\t\t\t<div class=\"e-con-inner\">\n\t\t\t\t<div class=\"elementor-element elementor-element-34f2c9f elementor-widget elementor-widget-heading\" data-id=\"34f2c9f\" data-element_type=\"widget\" data-e-type=\"widget\" data-widget_type=\"heading.default\">\n\t\t\t\t\t<span class=\"elementor-heading-title elementor-size-default\">Imprint<\/span>\t\t\t\t<\/div>\n\t\t\t\t\t<\/div>\n\t\t\t\t<\/div>\n\t\t<div class=\"elementor-element elementor-element-15fb337 e-con-full e-flex e-con e-parent\" data-id=\"15fb337\" data-element_type=\"container\" data-e-type=\"container\">\n\t\t\t\t<div class=\"elementor-element elementor-element-da11dfb elementor-widget elementor-widget-spacer\" data-id=\"da11dfb\" data-element_type=\"widget\" data-e-type=\"widget\" data-widget_type=\"spacer.default\">\n\t\t\t\t\t\t\t<div class=\"elementor-spacer\">\n\t\t\t<div class=\"elementor-spacer-inner\"><\/div>\n\t\t<\/div>\n\t\t\t\t\t\t<\/div>\n\t\t\t\t<div class=\"elementor-element elementor-element-29ed945 elementor-widget elementor-widget-heading\" data-id=\"29ed945\" data-element_type=\"widget\" data-e-type=\"widget\" data-widget_type=\"heading.default\">\n\t\t\t\t\t<h1 class=\"elementor-heading-title elementor-size-default\">Imprint<\/h1>\t\t\t\t<\/div>\n\t\t\t\t<div class=\"elementor-element elementor-element-b497542 elementor-widget elementor-widget-text-editor\" data-id=\"b497542\" data-element_type=\"widget\" data-e-type=\"widget\" data-widget_type=\"text-editor.default\">\n\t\t\t\t\t\t\t\t\t<div><p>FRANKONIA Hospitality GmbH<\/p><p class=\"adsimple-323064710\">M\u00fchlenstra\u00dfe 34,<br>40213 D\u00fcsseldorf,<br>Deutschland<\/p><p>Tel.: +49 211 547650622<\/p><p>E-Mail: <a href=\"mailto:info@frankonia-eurobau.de\">info@frankonia-eurobau.de<\/a><\/p><p>Amtsgericht Krefeld<br>Registernummer: HRB 11993<\/p><p>USt-IdNr.: DE 261572862<\/p><p>Managing Director: Dipl.-Ing. Uwe Schmitz<\/p><\/div>\t\t\t\t\t\t\t\t<\/div>\n\t\t\t\t<div class=\"elementor-element elementor-element-c78af96 elementor-widget elementor-widget-spacer\" data-id=\"c78af96\" data-element_type=\"widget\" data-e-type=\"widget\" data-widget_type=\"spacer.default\">\n\t\t\t\t\t\t\t<div class=\"elementor-spacer\">\n\t\t\t<div class=\"elementor-spacer-inner\"><\/div>\n\t\t<\/div>\n\t\t\t\t\t\t<\/div>\n\t\t\t\t<div class=\"elementor-element elementor-element-571e1ce elementor-widget elementor-widget-text-editor\" data-id=\"571e1ce\" data-element_type=\"widget\" data-e-type=\"widget\" data-widget_type=\"text-editor.default\">\n\t\t\t\t\t\t\t\t\t<p>Legal information<br><br>1. Content of the online offering<br>FRANKONIA Hospitality GmbH accepts no responsibility for the topicality, correctness, completeness, or quality of the information provided. Liability claims against FRANKONIA Hospitality GmbH relating to material or immaterial damage caused by the use or non-use of the information provided or by the use of incorrect or incomplete information are excluded, unless there is evidence of wilful intent or gross negligence on the part of FRANKONIA Hospitality GmbH.<\/p><p>All offers are subject to change and non-binding. FRANKONIA Hospitality GmbH expressly reserves the right to change, supplement, delete, or temporarily or permanently cease publication of parts of the pages or the entire website without prior notice.<\/p><p>The information and data contained in this online offering are intended solely for the user&#8217;s informational purposes and personal use.<br>2. References and links<br>FRANKONIA Hospitality GmbH accepts no liability for direct or indirect references to external websites (\u201clinks\u201d) that are outside its area of responsibility.<\/p><p>FRANKONIA Hospitality GmbH expressly declares that it has no information about illegal content on the pages referred to in section 1 above. FRANKONIA Hospitality GmbH has no influence whatsoever on their current and future design or content. It also does not check the content of pages that have been changed after the link was created. This applies to all references and links to third parties within the website as well as to external entries in guest books, discussion forums, or mailing lists. The provider of the website to which reference is made shall be solely liable for incorrect, unlawful, or incomplete content and in particular for damage resulting from the use of such information.<br><br>3. Copyright and trademark law<br>FRANKONIA Hospitality GmbH expressly points out that the graphics, animations, photos, and texts published on the website are protected by copyright or other forms of industrial property rights, such as trademarks, designs, etc. The underlying rights are held solely by FRANKONIA Hospitality GmbH or by third parties who have granted FRANKONIA Hospitality GmbH the right to publish them on the website. Reproduction or use of these graphics, animations, photos, and texts in other electronic or printed publications is not permitted unless FRANKONIA Hospitality GmbH has given its express written consent.<br><br>4. Miscellaneous<br>Should individual clauses be or become invalid, this shall not affect the validity of the other clauses. It is agreed that German law shall apply exclusively. The place of jurisdiction and place of performance for all claims is D\u00fcsseldorf.<\/p>\t\t\t\t\t\t\t\t<\/div>\n\t\t\t\t<div class=\"elementor-element elementor-element-0e52c0f elementor-widget elementor-widget-spacer\" data-id=\"0e52c0f\" data-element_type=\"widget\" data-e-type=\"widget\" data-widget_type=\"spacer.default\">\n\t\t\t\t\t\t\t<div class=\"elementor-spacer\">\n\t\t\t<div class=\"elementor-spacer-inner\"><\/div>\n\t\t<\/div>\n\t\t\t\t\t\t<\/div>\n\t\t\t\t<\/div>\n\t\t\t\t<\/div>\n\t\t","protected":false},"excerpt":{"rendered":"<p>Imprint Imprint FRANKONIA Hospitality GmbH M\u00fchlenstra\u00dfe 34,40213 D\u00fcsseldorf,Deutschland Tel.: +49 211 547650622 E-Mail: info@frankonia-eurobau.de Amtsgericht KrefeldRegisternummer: HRB 11993 USt-IdNr.: DE 261572862 Managing Director: Dipl.-Ing. Uwe Schmitz Legal information 1. Content of the online offeringFRANKONIA Hospitality GmbH accepts no responsibility for the topicality, correctness, completeness, or quality of the information provided. Liability claims against FRANKONIA Hospitality [&hellip;]<\/p>\n","protected":false},"author":1,"featured_media":1161,"parent":0,"menu_order":0,"comment_status":"closed","ping_status":"closed","template":"","meta":{"footnotes":""},"class_list":["post-1448","page","type-page","status-publish","has-post-thumbnail","hentry"],"yoast_head":"<!-- This site is optimized with the Yoast SEO plugin v27.2 - https:\/\/yoast.com\/product\/yoast-seo-wordpress\/ -->\n<title>Impressum - The Wellem Residences<\/title>\n<meta name=\"description\" content=\"Provider identification and legal information on The Wellem Residences in the Andreas Quartier D\u00fcsseldorf.\" \/>\n<meta name=\"robots\" content=\"index, follow, max-snippet:-1, max-image-preview:large, max-video-preview:-1\" \/>\n<link rel=\"canonical\" href=\"https:\/\/thewellemresidences.com\/en\/impressum\/\" \/>\n<meta property=\"og:locale\" content=\"en_US\" \/>\n<meta property=\"og:type\" content=\"article\" \/>\n<meta property=\"og:title\" content=\"Impressum - The Wellem Residences\" \/>\n<meta property=\"og:description\" content=\"Provider identification and legal information on The Wellem Residences in the Andreas Quartier D\u00fcsseldorf.\" \/>\n<meta property=\"og:url\" content=\"https:\/\/thewellemresidences.com\/en\/impressum\/\" \/>\n<meta property=\"og:site_name\" content=\"The Wellem Residences\" \/>\n<meta property=\"article:modified_time\" content=\"2026-02-19T15:49:57+00:00\" \/>\n<meta property=\"og:image\" content=\"https:\/\/thewellemresidences.com\/wp-content\/uploads\/2026\/02\/luxusimmobilien-kaufen-verkaufen-duesseldorf-andreasquartier-eingang.jpg\" \/>\n\t<meta property=\"og:image:width\" content=\"1920\" \/>\n\t<meta property=\"og:image:height\" content=\"1440\" \/>\n\t<meta property=\"og:image:type\" content=\"image\/jpeg\" \/>\n<meta name=\"twitter:card\" content=\"summary_large_image\" \/>\n<meta name=\"twitter:label1\" content=\"Est. reading time\" \/>\n\t<meta name=\"twitter:data1\" content=\"2 minutes\" \/>\n<script type=\"application\/ld+json\" class=\"yoast-schema-graph\">{\"@context\":\"https:\/\/schema.org\",\"@graph\":[{\"@type\":\"WebPage\",\"@id\":\"https:\/\/thewellemresidences.com\/en\/impressum\/\",\"url\":\"https:\/\/thewellemresidences.com\/en\/impressum\/\",\"name\":\"Impressum - The Wellem Residences\",\"isPartOf\":{\"@id\":\"https:\/\/thewellemresidences.com\/de\/#website\"},\"primaryImageOfPage\":{\"@id\":\"https:\/\/thewellemresidences.com\/en\/impressum\/#primaryimage\"},\"image\":{\"@id\":\"https:\/\/thewellemresidences.com\/en\/impressum\/#primaryimage\"},\"thumbnailUrl\":\"https:\/\/thewellemresidences.com\/wp-content\/uploads\/2026\/02\/luxusimmobilien-kaufen-verkaufen-duesseldorf-andreasquartier-eingang.jpg\",\"datePublished\":\"2026-01-29T13:43:59+00:00\",\"dateModified\":\"2026-02-19T15:49:57+00:00\",\"description\":\"Provider identification and legal information on The Wellem Residences in the Andreas Quartier D\u00fcsseldorf.\",\"breadcrumb\":{\"@id\":\"https:\/\/thewellemresidences.com\/en\/impressum\/#breadcrumb\"},\"inLanguage\":\"en-US\",\"potentialAction\":[{\"@type\":\"ReadAction\",\"target\":[\"https:\/\/thewellemresidences.com\/en\/impressum\/\"]}]},{\"@type\":\"ImageObject\",\"inLanguage\":\"en-US\",\"@id\":\"https:\/\/thewellemresidences.com\/en\/impressum\/#primaryimage\",\"url\":\"https:\/\/thewellemresidences.com\/wp-content\/uploads\/2026\/02\/luxusimmobilien-kaufen-verkaufen-duesseldorf-andreasquartier-eingang.jpg\",\"contentUrl\":\"https:\/\/thewellemresidences.com\/wp-content\/uploads\/2026\/02\/luxusimmobilien-kaufen-verkaufen-duesseldorf-andreasquartier-eingang.jpg\",\"width\":1920,\"height\":1440,\"caption\":\"Eindrucksvoller Eingang des The Wellem in D\u00fcsseldorf\"},{\"@type\":\"BreadcrumbList\",\"@id\":\"https:\/\/thewellemresidences.com\/en\/impressum\/#breadcrumb\",\"itemListElement\":[{\"@type\":\"ListItem\",\"position\":1,\"name\":\"Start\",\"item\":\"https:\/\/thewellemresidences.com\/en\/home\/\"},{\"@type\":\"ListItem\",\"position\":2,\"name\":\"Impressum\"}]},{\"@type\":\"WebSite\",\"@id\":\"https:\/\/thewellemresidences.com\/de\/#website\",\"url\":\"https:\/\/thewellemresidences.com\/de\/\",\"name\":\"The Wellem Residences\",\"description\":\"Serviced Apartments in D\u00fcsseldorf\",\"publisher\":{\"@id\":\"https:\/\/thewellemresidences.com\/de\/#organization\"},\"potentialAction\":[{\"@type\":\"SearchAction\",\"target\":{\"@type\":\"EntryPoint\",\"urlTemplate\":\"https:\/\/thewellemresidences.com\/de\/?s={search_term_string}\"},\"query-input\":{\"@type\":\"PropertyValueSpecification\",\"valueRequired\":true,\"valueName\":\"search_term_string\"}}],\"inLanguage\":\"en-US\"},{\"@type\":\"Organization\",\"@id\":\"https:\/\/thewellemresidences.com\/de\/#organization\",\"name\":\"The Wellem Residences\",\"url\":\"https:\/\/thewellemresidences.com\/de\/\",\"logo\":{\"@type\":\"ImageObject\",\"inLanguage\":\"en-US\",\"@id\":\"https:\/\/thewellemresidences.com\/de\/#\/schema\/logo\/image\/\",\"url\":\"https:\/\/thewellemresidences.com\/wp-content\/uploads\/2026\/01\/The-Wellem-Residences.png\",\"contentUrl\":\"https:\/\/thewellemresidences.com\/wp-content\/uploads\/2026\/01\/The-Wellem-Residences.png\",\"width\":1920,\"height\":702,\"caption\":\"The Wellem Residences\"},\"image\":{\"@id\":\"https:\/\/thewellemresidences.com\/de\/#\/schema\/logo\/image\/\"}}]}<\/script>\n<!-- \/ Yoast SEO plugin. -->","yoast_head_json":{"title":"Impressum - The Wellem Residences","description":"Provider identification and legal information on The Wellem Residences in the Andreas Quartier D\u00fcsseldorf.","robots":{"index":"index","follow":"follow","max-snippet":"max-snippet:-1","max-image-preview":"max-image-preview:large","max-video-preview":"max-video-preview:-1"},"canonical":"https:\/\/thewellemresidences.com\/en\/impressum\/","og_locale":"en_US","og_type":"article","og_title":"Impressum - The Wellem Residences","og_description":"Provider identification and legal information on The Wellem Residences in the Andreas Quartier D\u00fcsseldorf.","og_url":"https:\/\/thewellemresidences.com\/en\/impressum\/","og_site_name":"The Wellem Residences","article_modified_time":"2026-02-19T15:49:57+00:00","og_image":[{"width":1920,"height":1440,"url":"https:\/\/thewellemresidences.com\/wp-content\/uploads\/2026\/02\/luxusimmobilien-kaufen-verkaufen-duesseldorf-andreasquartier-eingang.jpg","type":"image\/jpeg"}],"twitter_card":"summary_large_image","twitter_misc":{"Est. reading time":"2 minutes"},"schema":{"@context":"https:\/\/schema.org","@graph":[{"@type":"WebPage","@id":"https:\/\/thewellemresidences.com\/en\/impressum\/","url":"https:\/\/thewellemresidences.com\/en\/impressum\/","name":"Impressum - The Wellem Residences","isPartOf":{"@id":"https:\/\/thewellemresidences.com\/de\/#website"},"primaryImageOfPage":{"@id":"https:\/\/thewellemresidences.com\/en\/impressum\/#primaryimage"},"image":{"@id":"https:\/\/thewellemresidences.com\/en\/impressum\/#primaryimage"},"thumbnailUrl":"https:\/\/thewellemresidences.com\/wp-content\/uploads\/2026\/02\/luxusimmobilien-kaufen-verkaufen-duesseldorf-andreasquartier-eingang.jpg","datePublished":"2026-01-29T13:43:59+00:00","dateModified":"2026-02-19T15:49:57+00:00","description":"Provider identification and legal information on The Wellem Residences in the Andreas Quartier D\u00fcsseldorf.","breadcrumb":{"@id":"https:\/\/thewellemresidences.com\/en\/impressum\/#breadcrumb"},"inLanguage":"en-US","potentialAction":[{"@type":"ReadAction","target":["https:\/\/thewellemresidences.com\/en\/impressum\/"]}]},{"@type":"ImageObject","inLanguage":"en-US","@id":"https:\/\/thewellemresidences.com\/en\/impressum\/#primaryimage","url":"https:\/\/thewellemresidences.com\/wp-content\/uploads\/2026\/02\/luxusimmobilien-kaufen-verkaufen-duesseldorf-andreasquartier-eingang.jpg","contentUrl":"https:\/\/thewellemresidences.com\/wp-content\/uploads\/2026\/02\/luxusimmobilien-kaufen-verkaufen-duesseldorf-andreasquartier-eingang.jpg","width":1920,"height":1440,"caption":"Eindrucksvoller Eingang des The Wellem in D\u00fcsseldorf"},{"@type":"BreadcrumbList","@id":"https:\/\/thewellemresidences.com\/en\/impressum\/#breadcrumb","itemListElement":[{"@type":"ListItem","position":1,"name":"Start","item":"https:\/\/thewellemresidences.com\/en\/home\/"},{"@type":"ListItem","position":2,"name":"Impressum"}]},{"@type":"WebSite","@id":"https:\/\/thewellemresidences.com\/de\/#website","url":"https:\/\/thewellemresidences.com\/de\/","name":"The Wellem Residences","description":"Serviced Apartments in D\u00fcsseldorf","publisher":{"@id":"https:\/\/thewellemresidences.com\/de\/#organization"},"potentialAction":[{"@type":"SearchAction","target":{"@type":"EntryPoint","urlTemplate":"https:\/\/thewellemresidences.com\/de\/?s={search_term_string}"},"query-input":{"@type":"PropertyValueSpecification","valueRequired":true,"valueName":"search_term_string"}}],"inLanguage":"en-US"},{"@type":"Organization","@id":"https:\/\/thewellemresidences.com\/de\/#organization","name":"The Wellem Residences","url":"https:\/\/thewellemresidences.com\/de\/","logo":{"@type":"ImageObject","inLanguage":"en-US","@id":"https:\/\/thewellemresidences.com\/de\/#\/schema\/logo\/image\/","url":"https:\/\/thewellemresidences.com\/wp-content\/uploads\/2026\/01\/The-Wellem-Residences.png","contentUrl":"https:\/\/thewellemresidences.com\/wp-content\/uploads\/2026\/01\/The-Wellem-Residences.png","width":1920,"height":702,"caption":"The Wellem Residences"},"image":{"@id":"https:\/\/thewellemresidences.com\/de\/#\/schema\/logo\/image\/"}}]}},"_links":{"self":[{"href":"https:\/\/thewellemresidences.com\/en\/wp-json\/wp\/v2\/pages\/1448","targetHints":{"allow":["GET"]}}],"collection":[{"href":"https:\/\/thewellemresidences.com\/en\/wp-json\/wp\/v2\/pages"}],"about":[{"href":"https:\/\/thewellemresidences.com\/en\/wp-json\/wp\/v2\/types\/page"}],"author":[{"embeddable":true,"href":"https:\/\/thewellemresidences.com\/en\/wp-json\/wp\/v2\/users\/1"}],"replies":[{"embeddable":true,"href":"https:\/\/thewellemresidences.com\/en\/wp-json\/wp\/v2\/comments?post=1448"}],"version-history":[{"count":1,"href":"https:\/\/thewellemresidences.com\/en\/wp-json\/wp\/v2\/pages\/1448\/revisions"}],"predecessor-version":[{"id":1449,"href":"https:\/\/thewellemresidences.com\/en\/wp-json\/wp\/v2\/pages\/1448\/revisions\/1449"}],"wp:featuredmedia":[{"embeddable":true,"href":"https:\/\/thewellemresidences.com\/en\/wp-json\/wp\/v2\/media\/1161"}],"wp:attachment":[{"href":"https:\/\/thewellemresidences.com\/en\/wp-json\/wp\/v2\/media?parent=1448"}],"curies":[{"name":"wp","href":"https:\/\/api.w.org\/{rel}","templated":true}]}}